{"id":1094,"date":"2026-01-09T10:18:34","date_gmt":"2026-01-09T09:18:34","guid":{"rendered":"https:\/\/cds05.fr\/?page_id=1094"},"modified":"2026-01-09T10:39:31","modified_gmt":"2026-01-09T09:39:31","slug":"lutte-et-prevention-contre-les-violences-sexistes-sexuelles-et-les-discriminations-v-s-s-d","status":"publish","type":"page","link":"https:\/\/cds05.fr\/?page_id=1094","title":{"rendered":"STOP VIOLENCES"},"content":{"rendered":"\n<h3 class=\"wp-block-heading\">Tous concern\u00e9s pour la lutte et la pr\u00e9vention contre les violences sexistes, sexuelles et les discriminations (V.S.S.D)<\/h3>\n\n\n\n<h4 class=\"wp-block-heading\">Les violences sexistes, sexuelles et les discriminations dans le sport ne doivent pas \u00eatre un tabou<\/h4>\n\n\n\n<p>Mineur, parent, pratiquant, encadrant, retrouvez l&rsquo;ensemble des outils mis en place par la F\u00e9d\u00e9ration concernant la lutte contre les violences sexistes, sexuelles et les discriminations dans le sport.<\/p>\n\n\n\n<h2 class=\"wp-block-heading\">Effectuer un signalement<\/h2>\n\n\n\n<h4 class=\"wp-block-heading\">Vous \u00eates t\u00e9moin, victime ou vous avez connaissance de faits contraires \u00e0 la morale et \u00e0 l&rsquo;\u00e9thique de la F\u00e9d\u00e9ration, et vous souhaiteriez les porter \u00e0 la connaissance de la F\u00e9d\u00e9ration ?<\/h4>\n\n\n\n<p>Vous pouvez :<\/p>\n\n\n\n<h4 class=\"wp-block-heading\"><a href=\"https:\/\/ffspeleo.fr\/csx\/scripts\/downloader2.php?filename=T011\/media\/5a\/93\/ic261o5307ux&amp;mime=application%2Fpdf&amp;originalname=Trame_de_recueil_information_orale-V4.pdf&amp;moid=36\">Utiliser le formulaire d\u00e9di\u00e9<\/a><\/h4>\n\n\n\n<p>Contacter la d\u00e9l\u00e9gu\u00e9e FFS pr\u00e9vention et lutte contre les VSSD dans le sport en utilisant le formulaire ci-dessous.<\/p>\n\n\n\n<p>Vous avez \u00e9galement la possibilit\u00e9 de signaler directement \u00e0 la cellule signal-sports du minist\u00e8re des sports une situation de violence&nbsp;en utilisant le formulaire ci-dessous.<\/p>\n\n\n\n<h4 class=\"wp-block-heading\"><strong>Ou contactez directement la cellule adapt\u00e9e \u00e0 votre situation<\/strong><\/h4>\n\n\n\n<figure class=\"wp-block-table\"><table class=\"has-fixed-layout\"><tbody><tr><td><img decoding=\"async\" src=\"https:\/\/cds05.fr\/wp-content\/uploads\/2026\/01\/FFSpeleo.png\" alt=\"\"><\/td><td><strong><a href=\"https:\/\/www.allo119.gouv.fr\/besoin-daide\">MINEURS<\/a><\/strong> (Allo119)<br><br><strong><a href=\"http:\/\/www.internet-signalement.gouv.fr\">MAJEUR<\/a><\/strong> (Pharos)<\/td><\/tr><\/tbody><\/table><\/figure>\n\n\n\n<p><\/p>\n","protected":false},"excerpt":{"rendered":"<p>Tous concern\u00e9s pour la lutte et la pr\u00e9vention contre les violences sexistes, sexuelles et les discriminations (V.S.S.D) Les violences sexistes, sexuelles et les discriminations dans le sport ne doivent pas \u00eatre un tabou Mineur, parent, pratiquant, encadrant, retrouvez l&rsquo;ensemble des outils mis en place par la F\u00e9d\u00e9ration concernant la lutte contre les violences sexistes, sexuelles &hellip; <a href=\"https:\/\/cds05.fr\/?page_id=1094\" class=\"more-link\">Continuer la lecture de <span class=\"screen-reader-text\">STOP VIOLENCES<\/span>  <span class=\"meta-nav\">&rarr;<\/span><\/a><\/p>\n","protected":false},"author":8,"featured_media":0,"parent":0,"menu_order":0,"comment_status":"closed","ping_status":"closed","template":"","meta":{"footnotes":""},"class_list":["post-1094","page","type-page","status-publish","hentry"],"_links":{"self":[{"href":"https:\/\/cds05.fr\/index.php?rest_route=\/wp\/v2\/pages\/1094","targetHints":{"allow":["GET"]}}],"collection":[{"href":"https:\/\/cds05.fr\/index.php?rest_route=\/wp\/v2\/pages"}],"about":[{"href":"https:\/\/cds05.fr\/index.php?rest_route=\/wp\/v2\/types\/page"}],"author":[{"embeddable":true,"href":"https:\/\/cds05.fr\/index.php?rest_route=\/wp\/v2\/users\/8"}],"replies":[{"embeddable":true,"href":"https:\/\/cds05.fr\/index.php?rest_route=%2Fwp%2Fv2%2Fcomments&post=1094"}],"version-history":[{"count":3,"href":"https:\/\/cds05.fr\/index.php?rest_route=\/wp\/v2\/pages\/1094\/revisions"}],"predecessor-version":[{"id":1101,"href":"https:\/\/cds05.fr\/index.php?rest_route=\/wp\/v2\/pages\/1094\/revisions\/1101"}],"wp:attachment":[{"href":"https:\/\/cds05.fr\/index.php?rest_route=%2Fwp%2Fv2%2Fmedia&parent=1094"}],"curies":[{"name":"wp","href":"https:\/\/api.w.org\/{rel}","templated":true}]}}