{"id":249,"date":"2015-10-10T21:46:43","date_gmt":"2015-10-10T19:46:43","guid":{"rendered":"http:\/\/cds05.fr\/?page_id=249"},"modified":"2015-10-10T21:47:14","modified_gmt":"2015-10-10T19:47:14","slug":"249-2","status":"publish","type":"page","link":"https:\/\/cds05.fr\/?page_id=249","title":{"rendered":"A propos"},"content":{"rendered":"<p><a href=\"https:\/\/cds05.fr\/wp-content\/uploads\/2015\/01\/logoCDS05-7X5cm-copie.jpg\"><img loading=\"lazy\" decoding=\"async\" class=\" size-full wp-image-8 alignleft\" src=\"https:\/\/cds05.fr\/wp-content\/uploads\/2015\/01\/logoCDS05-7X5cm-copie.jpg\" alt=\"logoCDS05\" width=\"215\" height=\"162\" \/><\/a>Le Comit\u00e9 d\u00e9partemental de sp\u00e9l\u00e9ologie des Hautes-Alpes est une association loi 1901. Il repr\u00e9sente la <a href=\"http:\/\/www.ffspeleo.fr\" target=\"_blank\">F\u00e9d\u00e9ration fran\u00e7aise de sp\u00e9l\u00e9ologie<\/a> \u00e0 l&rsquo;\u00e9chelle du d\u00e9partement et regroupe les f\u00e9d\u00e9r\u00e9s des Hautes-Alpes.<\/p>\n<p>Actuellement, le comit\u00e9 regroupe deux clubs : <a href=\"http:\/\/chourum.unblog.fr\/category\/general\/\" target=\"_blank\">le club \u00ab\u00a0le Chourum\u00a0\u00bb de Veynes<\/a> et le <a href=\"http:\/\/www.speleoclub-gap.fr\/\" target=\"_blank\">Sp\u00e9l\u00e9o club alpin de Gap<\/a>. Nos activit\u00e9s vont de l&rsquo;exploration des cavit\u00e9s naturelles ou artificielles au canyon dans les Hautes-Alpes mais aussi en France et \u00e0 l&rsquo;\u00e9tranger.<\/p>\n<p>A suivre&#8230;<\/p>\n","protected":false},"excerpt":{"rendered":"<p>Le Comit\u00e9 d\u00e9partemental de sp\u00e9l\u00e9ologie des Hautes-Alpes est une association loi 1901. Il repr\u00e9sente la F\u00e9d\u00e9ration fran\u00e7aise de sp\u00e9l\u00e9ologie \u00e0 l&rsquo;\u00e9chelle du d\u00e9partement et regroupe les f\u00e9d\u00e9r\u00e9s des Hautes-Alpes. Actuellement, le comit\u00e9 regroupe deux clubs : le club \u00ab\u00a0le Chourum\u00a0\u00bb de Veynes et le Sp\u00e9l\u00e9o club alpin de Gap. Nos activit\u00e9s vont de l&rsquo;exploration des &hellip; <a href=\"https:\/\/cds05.fr\/?page_id=249\" class=\"more-link\">Continuer la lecture de <span class=\"screen-reader-text\">A propos<\/span>  <span class=\"meta-nav\">&rarr;<\/span><\/a><\/p>\n","protected":false},"author":8,"featured_media":0,"parent":0,"menu_order":0,"comment_status":"closed","ping_status":"closed","template":"","meta":{"footnotes":""},"class_list":["post-249","page","type-page","status-publish","hentry"],"_links":{"self":[{"href":"https:\/\/cds05.fr\/index.php?rest_route=\/wp\/v2\/pages\/249","targetHints":{"allow":["GET"]}}],"collection":[{"href":"https:\/\/cds05.fr\/index.php?rest_route=\/wp\/v2\/pages"}],"about":[{"href":"https:\/\/cds05.fr\/index.php?rest_route=\/wp\/v2\/types\/page"}],"author":[{"embeddable":true,"href":"https:\/\/cds05.fr\/index.php?rest_route=\/wp\/v2\/users\/8"}],"replies":[{"embeddable":true,"href":"https:\/\/cds05.fr\/index.php?rest_route=%2Fwp%2Fv2%2Fcomments&post=249"}],"version-history":[{"count":2,"href":"https:\/\/cds05.fr\/index.php?rest_route=\/wp\/v2\/pages\/249\/revisions"}],"predecessor-version":[{"id":251,"href":"https:\/\/cds05.fr\/index.php?rest_route=\/wp\/v2\/pages\/249\/revisions\/251"}],"wp:attachment":[{"href":"https:\/\/cds05.fr\/index.php?rest_route=%2Fwp%2Fv2%2Fmedia&parent=249"}],"curies":[{"name":"wp","href":"https:\/\/api.w.org\/{rel}","templated":true}]}}