{"id":45,"date":"2022-02-01T21:09:00","date_gmt":"2022-02-01T20:09:00","guid":{"rendered":"http:\/\/cds05.fr\/?page_id=45"},"modified":"2026-03-17T09:53:39","modified_gmt":"2026-03-17T08:53:39","slug":"calendar","status":"publish","type":"page","link":"https:\/\/cds05.fr\/?page_id=45","title":{"rendered":"Le Conseil d&rsquo;administration"},"content":{"rendered":"\n<p>Olympiade 2025-2028<\/p>\n\n\n\n<p>PR\u00c9SIDENT : Philippe BERTOCHIO<br>PR\u00c9SIDENTE ADJOINTE : Aurore HANOUZET<br>TR\u00c9SORI\u00c8RE : St\u00e9phanie MONTAY<br>SECR\u00c9TAIRE : vacant<br><br>MEMBRES DU CONSEIL D\u2019ADMINISTRATION<br>Claire VAUBOURZEIX (sur le poste r\u00e9serv\u00e9 m\u00e9decin )<br>Michel RICOU-CHARLES<br>Yann RICOU-CHARLES<br>Marc CASALI<br>Olivier HUMBERT<br>Guillaume LAMIC (BOUCHET)<\/p>\n\n\n\n<h2 class=\"wp-block-heading\" id=\"le-verificateur-aux-comptes\">Le V\u00e9rificateur aux comptes<\/h2>\n\n\n\n<p>Fran\u00e7ois PARRINI<\/p>\n\n\n\n<h2 class=\"wp-block-heading\" id=\"les-charges-de-mission-du-cds05\"><strong>Les charg\u00e9s de mission du CDS05<\/strong><\/h2>\n\n\n\n<p><strong>La commission \u00ab\u00a0Sp\u00e9l\u00e9o secours fran\u00e7ais des Hautes-Alpes\u00a0\u00bb<\/strong><br>Michel RICOU : Pr\u00e9sident et conseiller technique d\u00e9partemental de sp\u00e9l\u00e9ologie<br>Marc CASALI : CTDS adjoint<br>Bruno ANCEL : CTDS adjoint<br>Philippe BERTOCHIO : CTDS adjoint<\/p>\n\n\n\n<p><strong>La sp\u00e9l\u00e9ologie<\/strong><br>A d\u00e9finir<\/p>\n\n\n\n<p><strong>Le canyon<\/strong><br>A d\u00e9finir<\/p>\n\n\n\n<p><strong>La plong\u00e9e souterraine<\/strong><br>Philippe BERTOCHIO<\/p>\n\n\n\n<p><strong>La biblioth\u00e8que<\/strong><br>Marie-Pierre MARTIN<\/p>\n\n\n\n<p><strong>Sciences et environnement<\/strong><br>Philippe BERTOCHIO<br>Christophe BOULANGEAT (chiropt\u00e8res)<\/p>\n","protected":false},"excerpt":{"rendered":"<p>Olympiade 2025-2028 PR\u00c9SIDENT : Philippe BERTOCHIOPR\u00c9SIDENTE ADJOINTE : Aurore HANOUZETTR\u00c9SORI\u00c8RE : St\u00e9phanie MONTAYSECR\u00c9TAIRE : vacant MEMBRES DU CONSEIL D\u2019ADMINISTRATIONClaire VAUBOURZEIX (sur le poste r\u00e9serv\u00e9 m\u00e9decin )Michel RICOU-CHARLESYann RICOU-CHARLESMarc CASALIOlivier HUMBERTGuillaume LAMIC (BOUCHET) Le V\u00e9rificateur aux comptes Fran\u00e7ois PARRINI Les charg\u00e9s de mission du CDS05 La commission \u00ab\u00a0Sp\u00e9l\u00e9o secours fran\u00e7ais des Hautes-Alpes\u00a0\u00bbMichel RICOU : Pr\u00e9sident et &hellip; <a href=\"https:\/\/cds05.fr\/?page_id=45\" class=\"more-link\">Continuer la lecture de <span class=\"screen-reader-text\">Le Conseil d&rsquo;administration<\/span>  <span class=\"meta-nav\">&rarr;<\/span><\/a><\/p>\n","protected":false},"author":8,"featured_media":0,"parent":249,"menu_order":0,"comment_status":"closed","ping_status":"open","template":"","meta":{"footnotes":""},"class_list":["post-45","page","type-page","status-publish","hentry"],"_links":{"self":[{"href":"https:\/\/cds05.fr\/index.php?rest_route=\/wp\/v2\/pages\/45","targetHints":{"allow":["GET"]}}],"collection":[{"href":"https:\/\/cds05.fr\/index.php?rest_route=\/wp\/v2\/pages"}],"about":[{"href":"https:\/\/cds05.fr\/index.php?rest_route=\/wp\/v2\/types\/page"}],"author":[{"embeddable":true,"href":"https:\/\/cds05.fr\/index.php?rest_route=\/wp\/v2\/users\/8"}],"replies":[{"embeddable":true,"href":"https:\/\/cds05.fr\/index.php?rest_route=%2Fwp%2Fv2%2Fcomments&post=45"}],"version-history":[{"count":8,"href":"https:\/\/cds05.fr\/index.php?rest_route=\/wp\/v2\/pages\/45\/revisions"}],"predecessor-version":[{"id":1106,"href":"https:\/\/cds05.fr\/index.php?rest_route=\/wp\/v2\/pages\/45\/revisions\/1106"}],"up":[{"embeddable":true,"href":"https:\/\/cds05.fr\/index.php?rest_route=\/wp\/v2\/pages\/249"}],"wp:attachment":[{"href":"https:\/\/cds05.fr\/index.php?rest_route=%2Fwp%2Fv2%2Fmedia&parent=45"}],"curies":[{"name":"wp","href":"https:\/\/api.w.org\/{rel}","templated":true}]}}